{"id":1456,"date":"2024-06-11T16:45:08","date_gmt":"2024-06-11T14:45:08","guid":{"rendered":"https:\/\/www.mindguide.sk\/?page_id=1456"},"modified":"2025-09-29T11:52:34","modified_gmt":"2025-09-29T09:52:34","slug":"kurzy","status":"publish","type":"page","link":"https:\/\/www.mindguide.sk\/en\/kurzy\/","title":{"rendered":"kurzy"},"content":{"rendered":"<div style=\"height:30px\" aria-hidden=\"true\" class=\"wp-block-spacer\"><\/div>\n\n\n\n<h4 class=\"wp-block-heading\" style=\"padding-right:var(--wp--preset--spacing--10);padding-left:var(--wp--preset--spacing--10)\"><strong>MindGuide pre v\u00e1s realizuje kurzy.<\/strong><\/h4>\n\n\n\n<p style=\"padding-right:var(--wp--preset--spacing--10);padding-left:var(--wp--preset--spacing--10)\">Nau\u010dte sa s nami ako nar\u00e1ba\u0165 s \u00fazkos\u0165ou, za\u017eite ako by\u0165 lep\u0161\u00edm rodi\u010dom, ako zvl\u00e1da\u0165 detsk\u00fd hnev, alebo podporte va\u0161e die\u0165a kurzom zameran\u00fdm na jeho\/jej sebarozvoj. Na\u0161e kurzy a workshopy s\u00fa veden\u00e9 odborne a profesion\u00e1lne, lektori s\u00fa akreditovan\u00ed a sk\u00fasen\u00ed, poznatky, na ktor\u00fdch staviame s\u00fa overen\u00e9. <strong>Kurzy maj\u00fa obmedzen\u00e9 kapacity preto nev\u00e1hajte a prihl\u00e1ste sa! <\/strong><\/p>\n\n\n\n<div style=\"height:30px\" aria-hidden=\"true\" class=\"wp-block-spacer\"><\/div>\n\n\n\n<div class=\"wp-block-group alignfull has-global-padding is-layout-constrained wp-container-core-group-is-layout-669513ed wp-block-group-is-layout-constrained\" style=\"margin-top:0;margin-bottom:0;padding-top:var(--wp--preset--spacing--50);padding-right:var(--wp--preset--spacing--50);padding-bottom:var(--wp--preset--spacing--50);padding-left:var(--wp--preset--spacing--50)\">\n<div class=\"wp-block-group alignwide has-base-2-background-color has-background has-global-padding is-layout-constrained wp-container-core-group-is-layout-a151063b wp-block-group-is-layout-constrained\" style=\"border-radius:16px;padding-top:var(--wp--preset--spacing--50);padding-right:var(--wp--preset--spacing--40);padding-bottom:var(--wp--preset--spacing--50);padding-left:var(--wp--preset--spacing--40)\">\n<div class=\"wp-block-group alignwide is-vertical is-content-justification-stretch is-layout-flex wp-container-core-group-is-layout-353c4f5a wp-block-group-is-layout-flex\">\n<h3 class=\"wp-block-heading has-text-align-center\"><strong>Vyberte si z ponuky na\u0161ich kurzov a workshopov<\/strong>.<\/h3>\n\n\n\n<p class=\"has-text-align-center\" style=\"margin-top:var(--wp--preset--spacing--10);font-size:clamp(0.875rem, 0.875rem + ((1vw - 0.2rem) * 0.417), 1.125rem);\">Vedieme na ceste k du\u0161evn\u00e9mu zdraviu a wellbeingu. Na\u0161e kurzy s\u00fa z\u00e1\u017eitkov\u00e9 a zameran\u00e9 na rozvoj v malej skupine, \u00fa\u010das\u0165 je preto limitovan\u00e1 na 10 &#8211; 12 miest, prihl\u00e1\u0161ka na kurzy plat\u00ed, len ak z\u00e1rove\u0148 uhrad\u00edte vstupn\u00fd poplatok.<\/p>\n<\/div>\n\n\n\n<div style=\"height:var(--wp--preset--spacing--30)\" aria-hidden=\"true\" class=\"wp-block-spacer\"><\/div>\n\n\n\n<div class=\"wp-block-columns alignwide are-vertically-aligned-top is-layout-flex wp-container-core-columns-is-layout-06670bbc wp-block-columns-is-layout-flex\">\n<div class=\"wp-block-column is-vertically-aligned-top has-base-background-color has-background is-layout-flow wp-block-column-is-layout-flow\" style=\"border-top-style:none;border-top-width:0px;padding-top:var(--wp--preset--spacing--30);padding-right:var(--wp--preset--spacing--30);padding-bottom:var(--wp--preset--spacing--10);padding-left:var(--wp--preset--spacing--30)\">\n<div style=\"height:10px\" aria-hidden=\"true\" class=\"wp-block-spacer\"><\/div>\n\n\n\n<p><strong>Spoznaj svoje talenty a smerovanie<\/strong><\/p>\n\n\n\n<p><strong>PRIHL\u00c1\u0160KA DO 25. J\u00daLA 2025<\/strong><\/p>\n\n\n\n<p><strong><strong>Trojd\u0148ov\u00fd z\u00e1\u017eitkov\u00fd kemp pre mlad\u00fdch \u013eud\u00ed<\/strong><\/strong> s psychologi\u010dkami Mgr. et Mgr. Marcelou Gatciovou a Mgr. Alicou Vysko\u010d\u00e1niovou, MSc. <\/p>\n\n\n\n<p><\/p>\n\n\n\n<div style=\"height:10px\" aria-hidden=\"true\" class=\"wp-block-spacer\"><\/div>\n\n\n\n<figure class=\"wp-block-image size-full\"><img loading=\"lazy\" decoding=\"async\" width=\"1080\" height=\"1080\" src=\"https:\/\/www.mindguide.sk\/wp-content\/uploads\/2025\/06\/1-1.jpg\" alt=\"\" class=\"wp-image-1646\" srcset=\"https:\/\/www.mindguide.sk\/wp-content\/uploads\/2025\/06\/1-1.jpg 1080w, https:\/\/www.mindguide.sk\/wp-content\/uploads\/2025\/06\/1-1-300x300.jpg 300w, https:\/\/www.mindguide.sk\/wp-content\/uploads\/2025\/06\/1-1-1024x1024.jpg 1024w, https:\/\/www.mindguide.sk\/wp-content\/uploads\/2025\/06\/1-1-150x150.jpg 150w, https:\/\/www.mindguide.sk\/wp-content\/uploads\/2025\/06\/1-1-768x768.jpg 768w, https:\/\/www.mindguide.sk\/wp-content\/uploads\/2025\/06\/1-1-12x12.jpg 12w\" sizes=\"auto, (max-width: 1080px) 100vw, 1080px\" \/><\/figure>\n\n\n\n<div style=\"height:10px\" aria-hidden=\"true\" class=\"wp-block-spacer\"><\/div>\n\n\n\n<p>Vek \u00fa\u010dastn\u00edkov: <strong>14-19 rokov<\/strong><br>Cena:<strong> 270 Eur*<\/strong><br>D\u00e1tum:<strong> 4.8.-6.8.2025<\/strong><br>\u010cas: <strong>09,00 hod. &#8211; 15,30 hod.<\/strong><br>Miesto konania: <strong>LEAF ACADEMY, Fra\u0148a Kr\u00e1\u013ea 6, Bratislava<\/strong><\/p>\n\n\n\n<p>Viac o kurze <a href=\"https:\/\/www.mindguide.sk\/en\/kurzy-teens\/\" target=\"_blank\" rel=\"noreferrer noopener\">tu.<\/a> <\/p>\n\n\n\n<p><strong>*<\/strong>mo\u017enos\u0165 platby aj na spl\u00e1tky, prv\u00e1 spl\u00e1tka do 25.7.2025 vo v\u00fd\u0161ke 100 eur, druh\u00e1 spl\u00e1tka do 31.7.2025.<\/p>\n\n\n\n<p>*STORNO podmienky &#8211; svoju \u00fa\u010das\u0165 viete zru\u0161i\u0165 maxim\u00e1lne 7 dn\u00ed pred konan\u00edm kurzu. <\/p>\n\n\n\n<div style=\"height:10px\" aria-hidden=\"true\" class=\"wp-block-spacer\"><\/div>\n\n\n\n<div style=\"height:30px\" aria-hidden=\"true\" class=\"wp-block-spacer\"><\/div>\n<\/div>\n\n\n\n<div class=\"wp-block-column is-vertically-aligned-top has-base-background-color has-background is-layout-flow wp-block-column-is-layout-flow\" style=\"border-top-style:none;border-top-width:0px;padding-top:var(--wp--preset--spacing--30);padding-right:var(--wp--preset--spacing--30);padding-bottom:var(--wp--preset--spacing--10);padding-left:var(--wp--preset--spacing--30)\">\n<div style=\"height:10px\" aria-hidden=\"true\" class=\"wp-block-spacer\"><\/div>\n\n\n\n<p><strong>\u0160KOLA PRE RODI\u010cOV<\/strong><\/p>\n\n\n\n<p>Praktick\u00e9 rodi\u010dovsk\u00e9 zru\u010dnosti: ako na to \u00eds\u0165 s rozumom aj citom? <\/p>\n\n\n\n<div style=\"height:10px\" aria-hidden=\"true\" class=\"wp-block-spacer\"><\/div>\n\n\n\n<figure class=\"wp-block-image size-full\"><img loading=\"lazy\" decoding=\"async\" width=\"945\" height=\"945\" src=\"https:\/\/www.mindguide.sk\/wp-content\/uploads\/2024\/06\/rodicia.jpg\" alt=\"\" class=\"wp-image-1558\" srcset=\"https:\/\/www.mindguide.sk\/wp-content\/uploads\/2024\/06\/rodicia.jpg 945w, https:\/\/www.mindguide.sk\/wp-content\/uploads\/2024\/06\/rodicia-300x300.jpg 300w, https:\/\/www.mindguide.sk\/wp-content\/uploads\/2024\/06\/rodicia-150x150.jpg 150w, https:\/\/www.mindguide.sk\/wp-content\/uploads\/2024\/06\/rodicia-768x768.jpg 768w, https:\/\/www.mindguide.sk\/wp-content\/uploads\/2024\/06\/rodicia-12x12.jpg 12w\" sizes=\"auto, (max-width: 945px) 100vw, 945px\" \/><\/figure>\n\n\n\n<div style=\"height:10px\" aria-hidden=\"true\" class=\"wp-block-spacer\"><\/div>\n\n\n\n<p><\/p>\n\n\n\n<p><strong>KURZ RODI\u010cOVSK\u00ddCH ZRU\u010cNOST\u00cd<\/strong><\/p>\n\n\n\n<p>s psychologi\u010dkou M\u00e1riou Bal\u00e1\u017eovou <\/p>\n\n\n\n<p>4 stretnutia po 2 hodiny (predn\u00e1\u0161ka, praktick\u00e9 cvi\u010denia a diskusia)<\/p>\n\n\n\n<p>Miesto konania: Terapeutick\u00fd priestor, Kr\u00e1sna 29, Bratislava<\/p>\n\n\n\n<p><\/p>\n\n\n\n<div style=\"height:10px\" aria-hidden=\"true\" class=\"wp-block-spacer\"><\/div>\n\n\n\n<div style=\"height:19px\" aria-hidden=\"true\" class=\"wp-block-spacer\"><\/div>\n<\/div>\n\n\n\n<div class=\"wp-block-column is-vertically-aligned-top has-base-background-color has-background is-layout-flow wp-block-column-is-layout-flow\" style=\"border-top-style:none;border-top-width:0px;padding-top:var(--wp--preset--spacing--30);padding-right:var(--wp--preset--spacing--30);padding-bottom:var(--wp--preset--spacing--10);padding-left:var(--wp--preset--spacing--30)\">\n<div style=\"height:10px\" aria-hidden=\"true\" class=\"wp-block-spacer\"><\/div>\n\n\n\n<p>Letn\u00e1 t\u00e9ma:<\/p>\n\n\n\n<p><strong>ODPLIENKOVANIE BEZ STRESU<\/strong><\/p>\n\n\n\n<p>praktick\u00fd webin\u00e1r pre rodi\u010dov<\/p>\n\n\n\n<div style=\"height:10px\" aria-hidden=\"true\" class=\"wp-block-spacer\"><\/div>\n\n\n\n<div style=\"height:10px\" aria-hidden=\"true\" class=\"wp-block-spacer\"><\/div>\n\n\n\n<p>D\u00e1tum: 1. j\u00fala 2025 o 18:00<\/p>\n\n\n\n<p>Kde: kdeko\u013evek ste, online na Zoome<\/p>\n\n\n\n<p>Platba: 29 eur za semin\u00e1r<\/p>\n\n\n\n<p><\/p>\n\n\n\n<div style=\"height:286px\" aria-hidden=\"true\" class=\"wp-block-spacer\"><\/div>\n<\/div>\n<\/div>\n\n\n\n<div style=\"height:60px\" aria-hidden=\"true\" class=\"wp-block-spacer\"><\/div>\n\n\n\n<p class=\"has-text-align-center\"><strong>Te\u0161\u00edme sa na Va\u0161e jedine\u010dn\u00e9 pre\u017e\u00edvanie a pr\u00edbeh!<\/strong><\/p>\n<\/div>\n<\/div>\n\n\n\n<div style=\"height:100px\" aria-hidden=\"true\" class=\"wp-block-spacer\"><\/div>","protected":false},"excerpt":{"rendered":"<p>MindGuide pre v\u00e1s realizuje kurzy. Nau\u010dte sa s nami ako nar\u00e1ba\u0165 s \u00fazkos\u0165ou, za\u017eite ako by\u0165 lep\u0161\u00edm rodi\u010dom, ako zvl\u00e1da\u0165 detsk\u00fd hnev, alebo podporte va\u0161e die\u0165a kurzom zameran\u00fdm na jeho\/jej sebarozvoj. Na\u0161e kurzy a workshopy s\u00fa veden\u00e9 odborne a profesion\u00e1lne, lektori s\u00fa akreditovan\u00ed a sk\u00fasen\u00ed, poznatky, na ktor\u00fdch staviame s\u00fa overen\u00e9. Kurzy maj\u00fa obmedzen\u00e9 kapacity [&hellip;]<\/p>\n","protected":false},"author":1,"featured_media":1345,"parent":0,"menu_order":0,"comment_status":"closed","ping_status":"closed","template":"","meta":{"_monsterinsights_skip_tracking":false,"_monsterinsights_sitenote_active":false,"_monsterinsights_sitenote_note":"","_monsterinsights_sitenote_category":0,"footnotes":""},"class_list":["post-1456","page","type-page","status-publish","has-post-thumbnail","hentry"],"aioseo_notices":[],"yoast_head":"<!-- This site is optimized with the Yoast SEO plugin v27.3 - https:\/\/yoast.com\/product\/yoast-seo-wordpress\/ -->\n<title>kurzy | MindGuide<\/title>\n<meta name=\"robots\" content=\"index, follow, max-snippet:-1, max-image-preview:large, max-video-preview:-1\" \/>\n<link rel=\"canonical\" href=\"https:\/\/www.mindguide.sk\/en\/kurzy\/\" \/>\n<meta property=\"og:locale\" content=\"en_US\" \/>\n<meta property=\"og:type\" content=\"article\" \/>\n<meta property=\"og:title\" content=\"kurzy | MindGuide\" \/>\n<meta property=\"og:description\" content=\"MindGuide pre v\u00e1s realizuje kurzy. Nau\u010dte sa s nami ako nar\u00e1ba\u0165 s \u00fazkos\u0165ou, za\u017eite ako by\u0165 lep\u0161\u00edm rodi\u010dom, ako zvl\u00e1da\u0165 detsk\u00fd hnev, alebo podporte va\u0161e die\u0165a kurzom zameran\u00fdm na jeho\/jej sebarozvoj. Na\u0161e kurzy a workshopy s\u00fa veden\u00e9 odborne a profesion\u00e1lne, lektori s\u00fa akreditovan\u00ed a sk\u00fasen\u00ed, poznatky, na ktor\u00fdch staviame s\u00fa overen\u00e9. Kurzy maj\u00fa obmedzen\u00e9 kapacity [&hellip;]\" \/>\n<meta property=\"og:url\" content=\"https:\/\/www.mindguide.sk\/en\/kurzy\/\" \/>\n<meta property=\"og:site_name\" content=\"MindGuide\" \/>\n<meta property=\"article:modified_time\" content=\"2025-09-29T09:52:34+00:00\" \/>\n<meta property=\"og:image\" content=\"https:\/\/www.mindguide.sk\/wp-content\/uploads\/2024\/01\/annie-spratt-hCb3lIB8L8E-unsplash-scaled.jpg\" \/>\n\t<meta property=\"og:image:width\" content=\"2560\" \/>\n\t<meta property=\"og:image:height\" content=\"1680\" \/>\n\t<meta property=\"og:image:type\" content=\"image\/jpeg\" \/>\n<meta name=\"twitter:card\" content=\"summary_large_image\" \/>\n<meta name=\"twitter:label1\" content=\"Est. reading time\" \/>\n\t<meta name=\"twitter:data1\" content=\"3 minutes\" \/>\n<script type=\"application\/ld+json\" class=\"yoast-schema-graph\">{\"@context\":\"https:\\\/\\\/schema.org\",\"@graph\":[{\"@type\":\"WebPage\",\"@id\":\"https:\\\/\\\/www.mindguide.sk\\\/kurzy\\\/\",\"url\":\"https:\\\/\\\/www.mindguide.sk\\\/kurzy\\\/\",\"name\":\"kurzy | MindGuide\",\"isPartOf\":{\"@id\":\"https:\\\/\\\/www.mindguide.sk\\\/#website\"},\"primaryImageOfPage\":{\"@id\":\"https:\\\/\\\/www.mindguide.sk\\\/kurzy\\\/#primaryimage\"},\"image\":{\"@id\":\"https:\\\/\\\/www.mindguide.sk\\\/kurzy\\\/#primaryimage\"},\"thumbnailUrl\":\"https:\\\/\\\/www.mindguide.sk\\\/wp-content\\\/uploads\\\/2024\\\/01\\\/annie-spratt-hCb3lIB8L8E-unsplash-scaled.jpg\",\"datePublished\":\"2024-06-11T14:45:08+00:00\",\"dateModified\":\"2025-09-29T09:52:34+00:00\",\"breadcrumb\":{\"@id\":\"https:\\\/\\\/www.mindguide.sk\\\/kurzy\\\/#breadcrumb\"},\"inLanguage\":\"en-US\",\"potentialAction\":[{\"@type\":\"ReadAction\",\"target\":[\"https:\\\/\\\/www.mindguide.sk\\\/kurzy\\\/\"]}]},{\"@type\":\"ImageObject\",\"inLanguage\":\"en-US\",\"@id\":\"https:\\\/\\\/www.mindguide.sk\\\/kurzy\\\/#primaryimage\",\"url\":\"https:\\\/\\\/www.mindguide.sk\\\/wp-content\\\/uploads\\\/2024\\\/01\\\/annie-spratt-hCb3lIB8L8E-unsplash-scaled.jpg\",\"contentUrl\":\"https:\\\/\\\/www.mindguide.sk\\\/wp-content\\\/uploads\\\/2024\\\/01\\\/annie-spratt-hCb3lIB8L8E-unsplash-scaled.jpg\",\"width\":2560,\"height\":1680},{\"@type\":\"BreadcrumbList\",\"@id\":\"https:\\\/\\\/www.mindguide.sk\\\/kurzy\\\/#breadcrumb\",\"itemListElement\":[{\"@type\":\"ListItem\",\"position\":1,\"name\":\"Home\",\"item\":\"https:\\\/\\\/www.mindguide.sk\\\/\"},{\"@type\":\"ListItem\",\"position\":2,\"name\":\"kurzy\"}]},{\"@type\":\"WebSite\",\"@id\":\"https:\\\/\\\/www.mindguide.sk\\\/#website\",\"url\":\"https:\\\/\\\/www.mindguide.sk\\\/\",\"name\":\"mindguide.sk\",\"description\":\"Psychotherapy -  Consulting - Courses\",\"publisher\":{\"@id\":\"https:\\\/\\\/www.mindguide.sk\\\/#organization\"},\"potentialAction\":[{\"@type\":\"SearchAction\",\"target\":{\"@type\":\"EntryPoint\",\"urlTemplate\":\"https:\\\/\\\/www.mindguide.sk\\\/?s={search_term_string}\"},\"query-input\":{\"@type\":\"PropertyValueSpecification\",\"valueRequired\":true,\"valueName\":\"search_term_string\"}}],\"inLanguage\":\"en-US\"},{\"@type\":\"Organization\",\"@id\":\"https:\\\/\\\/www.mindguide.sk\\\/#organization\",\"name\":\"mindguide\",\"url\":\"https:\\\/\\\/www.mindguide.sk\\\/\",\"logo\":{\"@type\":\"ImageObject\",\"inLanguage\":\"en-US\",\"@id\":\"https:\\\/\\\/www.mindguide.sk\\\/#\\\/schema\\\/logo\\\/image\\\/\",\"url\":\"https:\\\/\\\/www.mindguide.sk\\\/wp-content\\\/uploads\\\/2023\\\/12\\\/transparent-1.png\",\"contentUrl\":\"https:\\\/\\\/www.mindguide.sk\\\/wp-content\\\/uploads\\\/2023\\\/12\\\/transparent-1.png\",\"width\":842,\"height\":596,\"caption\":\"mindguide\"},\"image\":{\"@id\":\"https:\\\/\\\/www.mindguide.sk\\\/#\\\/schema\\\/logo\\\/image\\\/\"}}]}<\/script>\n<!-- \/ Yoast SEO plugin. -->","yoast_head_json":{"title":"kurzy | MindGuide","robots":{"index":"index","follow":"follow","max-snippet":"max-snippet:-1","max-image-preview":"max-image-preview:large","max-video-preview":"max-video-preview:-1"},"canonical":"https:\/\/www.mindguide.sk\/en\/kurzy\/","og_locale":"en_US","og_type":"article","og_title":"kurzy | MindGuide","og_description":"MindGuide pre v\u00e1s realizuje kurzy. Nau\u010dte sa s nami ako nar\u00e1ba\u0165 s \u00fazkos\u0165ou, za\u017eite ako by\u0165 lep\u0161\u00edm rodi\u010dom, ako zvl\u00e1da\u0165 detsk\u00fd hnev, alebo podporte va\u0161e die\u0165a kurzom zameran\u00fdm na jeho\/jej sebarozvoj. Na\u0161e kurzy a workshopy s\u00fa veden\u00e9 odborne a profesion\u00e1lne, lektori s\u00fa akreditovan\u00ed a sk\u00fasen\u00ed, poznatky, na ktor\u00fdch staviame s\u00fa overen\u00e9. Kurzy maj\u00fa obmedzen\u00e9 kapacity [&hellip;]","og_url":"https:\/\/www.mindguide.sk\/en\/kurzy\/","og_site_name":"MindGuide","article_modified_time":"2025-09-29T09:52:34+00:00","og_image":[{"width":2560,"height":1680,"url":"https:\/\/www.mindguide.sk\/wp-content\/uploads\/2024\/01\/annie-spratt-hCb3lIB8L8E-unsplash-scaled.jpg","type":"image\/jpeg"}],"twitter_card":"summary_large_image","twitter_misc":{"Est. reading time":"3 minutes"},"schema":{"@context":"https:\/\/schema.org","@graph":[{"@type":"WebPage","@id":"https:\/\/www.mindguide.sk\/kurzy\/","url":"https:\/\/www.mindguide.sk\/kurzy\/","name":"kurzy | MindGuide","isPartOf":{"@id":"https:\/\/www.mindguide.sk\/#website"},"primaryImageOfPage":{"@id":"https:\/\/www.mindguide.sk\/kurzy\/#primaryimage"},"image":{"@id":"https:\/\/www.mindguide.sk\/kurzy\/#primaryimage"},"thumbnailUrl":"https:\/\/www.mindguide.sk\/wp-content\/uploads\/2024\/01\/annie-spratt-hCb3lIB8L8E-unsplash-scaled.jpg","datePublished":"2024-06-11T14:45:08+00:00","dateModified":"2025-09-29T09:52:34+00:00","breadcrumb":{"@id":"https:\/\/www.mindguide.sk\/kurzy\/#breadcrumb"},"inLanguage":"en-US","potentialAction":[{"@type":"ReadAction","target":["https:\/\/www.mindguide.sk\/kurzy\/"]}]},{"@type":"ImageObject","inLanguage":"en-US","@id":"https:\/\/www.mindguide.sk\/kurzy\/#primaryimage","url":"https:\/\/www.mindguide.sk\/wp-content\/uploads\/2024\/01\/annie-spratt-hCb3lIB8L8E-unsplash-scaled.jpg","contentUrl":"https:\/\/www.mindguide.sk\/wp-content\/uploads\/2024\/01\/annie-spratt-hCb3lIB8L8E-unsplash-scaled.jpg","width":2560,"height":1680},{"@type":"BreadcrumbList","@id":"https:\/\/www.mindguide.sk\/kurzy\/#breadcrumb","itemListElement":[{"@type":"ListItem","position":1,"name":"Home","item":"https:\/\/www.mindguide.sk\/"},{"@type":"ListItem","position":2,"name":"kurzy"}]},{"@type":"WebSite","@id":"https:\/\/www.mindguide.sk\/#website","url":"https:\/\/www.mindguide.sk\/","name":"mindguide.sk","description":"Psychotherapy -  Consulting - Courses","publisher":{"@id":"https:\/\/www.mindguide.sk\/#organization"},"potentialAction":[{"@type":"SearchAction","target":{"@type":"EntryPoint","urlTemplate":"https:\/\/www.mindguide.sk\/?s={search_term_string}"},"query-input":{"@type":"PropertyValueSpecification","valueRequired":true,"valueName":"search_term_string"}}],"inLanguage":"en-US"},{"@type":"Organization","@id":"https:\/\/www.mindguide.sk\/#organization","name":"mindguide","url":"https:\/\/www.mindguide.sk\/","logo":{"@type":"ImageObject","inLanguage":"en-US","@id":"https:\/\/www.mindguide.sk\/#\/schema\/logo\/image\/","url":"https:\/\/www.mindguide.sk\/wp-content\/uploads\/2023\/12\/transparent-1.png","contentUrl":"https:\/\/www.mindguide.sk\/wp-content\/uploads\/2023\/12\/transparent-1.png","width":842,"height":596,"caption":"mindguide"},"image":{"@id":"https:\/\/www.mindguide.sk\/#\/schema\/logo\/image\/"}}]}},"_links":{"self":[{"href":"https:\/\/www.mindguide.sk\/en\/wp-json\/wp\/v2\/pages\/1456","targetHints":{"allow":["GET"]}}],"collection":[{"href":"https:\/\/www.mindguide.sk\/en\/wp-json\/wp\/v2\/pages"}],"about":[{"href":"https:\/\/www.mindguide.sk\/en\/wp-json\/wp\/v2\/types\/page"}],"author":[{"embeddable":true,"href":"https:\/\/www.mindguide.sk\/en\/wp-json\/wp\/v2\/users\/1"}],"replies":[{"embeddable":true,"href":"https:\/\/www.mindguide.sk\/en\/wp-json\/wp\/v2\/comments?post=1456"}],"version-history":[{"count":6,"href":"https:\/\/www.mindguide.sk\/en\/wp-json\/wp\/v2\/pages\/1456\/revisions"}],"predecessor-version":[{"id":1670,"href":"https:\/\/www.mindguide.sk\/en\/wp-json\/wp\/v2\/pages\/1456\/revisions\/1670"}],"wp:featuredmedia":[{"embeddable":true,"href":"https:\/\/www.mindguide.sk\/en\/wp-json\/wp\/v2\/media\/1345"}],"wp:attachment":[{"href":"https:\/\/www.mindguide.sk\/en\/wp-json\/wp\/v2\/media?parent=1456"}],"curies":[{"name":"wp","href":"https:\/\/api.w.org\/{rel}","templated":true}]}}